{"id":153,"date":"2022-01-04T13:29:12","date_gmt":"2022-01-04T13:29:12","guid":{"rendered":"http:\/\/52.23.247.115\/?page_id=153"},"modified":"2023-04-26T15:31:43","modified_gmt":"2023-04-26T15:31:43","slug":"thank-you","status":"publish","type":"page","link":"https:\/\/www.submitstart.com\/sv\/thank-you\/","title":{"rendered":"Tack"},"content":{"rendered":"<div data-elementor-type=\"wp-page\" data-elementor-id=\"153\" class=\"elementor elementor-153\">\n\t\t\t\t\t\t\t\t\t<section class=\"elementor-section elementor-top-section elementor-element elementor-element-47806988 elementor-section-boxed elementor-section-height-default elementor-section-height-default\" data-id=\"47806988\" data-element_type=\"section\">\n\t\t\t\t\t\t<div class=\"elementor-container elementor-column-gap-default\">\n\t\t\t\t\t<div class=\"elementor-column elementor-col-100 elementor-top-column elementor-element elementor-element-3b53fdf9\" data-id=\"3b53fdf9\" data-element_type=\"column\">\n\t\t\t<div class=\"elementor-widget-wrap elementor-element-populated\">\n\t\t\t\t\t\t\t\t<div class=\"elementor-element elementor-element-637f9b0 elementor-widget elementor-widget-heading\" data-id=\"637f9b0\" data-element_type=\"widget\" data-widget_type=\"heading.default\">\n\t\t\t\t<div class=\"elementor-widget-container\">\n\t\t\t<style>\/*! elementor - v3.12.2 - 23-04-2023 *\/\n.elementor-heading-title{padding:0;margin:0;line-height:1}.elementor-widget-heading .elementor-heading-title[class*=elementor-size-]>a{color:inherit;font-size:inherit;line-height:inherit}.elementor-widget-heading .elementor-heading-title.elementor-size-small{font-size:15px}.elementor-widget-heading .elementor-heading-title.elementor-size-medium{font-size:19px}.elementor-widget-heading .elementor-heading-title.elementor-size-large{font-size:29px}.elementor-widget-heading .elementor-heading-title.elementor-size-xl{font-size:39px}.elementor-widget-heading .elementor-heading-title.elementor-size-xxl{font-size:59px}<\/style><h1 class=\"elementor-heading-title elementor-size-default\">Tack f\u00f6r ditt bidrag!<\/h1>\t\t<\/div>\n\t\t\t\t<\/div>\n\t\t\t\t\t<\/div>\n\t\t<\/div>\n\t\t\t\t\t\t\t<\/div>\n\t\t<\/section>\n\t\t\t\t<section class=\"elementor-section elementor-top-section elementor-element elementor-element-f9d12c8 elementor-section-boxed elementor-section-height-default elementor-section-height-default\" data-id=\"f9d12c8\" data-element_type=\"section\">\n\t\t\t\t\t\t<div class=\"elementor-container elementor-column-gap-default\">\n\t\t\t\t\t<div class=\"elementor-column elementor-col-100 elementor-top-column elementor-element elementor-element-66575b8\" data-id=\"66575b8\" data-element_type=\"column\">\n\t\t\t<div class=\"elementor-widget-wrap elementor-element-populated\">\n\t\t\t\t\t\t\t\t<div class=\"elementor-element elementor-element-11dfc4e elementor-widget elementor-widget-spacer\" data-id=\"11dfc4e\" data-element_type=\"widget\" data-widget_type=\"spacer.default\">\n\t\t\t\t<div class=\"elementor-widget-container\">\n\t\t\t<style>\/*! elementor - v3.12.2 - 23-04-2023 *\/\n.elementor-column .elementor-spacer-inner{height:var(--spacer-size)}.e-con{--container-widget-width:100%}.e-con-inner>.elementor-widget-spacer,.e-con>.elementor-widget-spacer{width:var(--container-widget-width,var(--spacer-size));--align-self:var(--container-widget-align-self,initial);--flex-shrink:0}.e-con-inner>.elementor-widget-spacer>.elementor-widget-container,.e-con-inner>.elementor-widget-spacer>.elementor-widget-container>.elementor-spacer,.e-con>.elementor-widget-spacer>.elementor-widget-container,.e-con>.elementor-widget-spacer>.elementor-widget-container>.elementor-spacer{height:100%}.e-con-inner>.elementor-widget-spacer>.elementor-widget-container>.elementor-spacer>.elementor-spacer-inner,.e-con>.elementor-widget-spacer>.elementor-widget-container>.elementor-spacer>.elementor-spacer-inner{height:var(--container-widget-height,var(--spacer-size))}<\/style>\t\t<div class=\"elementor-spacer\">\n\t\t\t<div class=\"elementor-spacer-inner\"><\/div>\n\t\t<\/div>\n\t\t\t\t<\/div>\n\t\t\t\t<\/div>\n\t\t\t\t\t<\/div>\n\t\t<\/div>\n\t\t\t\t\t\t\t<\/div>\n\t\t<\/section>\n\t\t\t\t<section class=\"elementor-section elementor-top-section elementor-element elementor-element-f41f3f8 elementor-section-boxed elementor-section-height-default elementor-section-height-default\" data-id=\"f41f3f8\" data-element_type=\"section\">\n\t\t\t\t\t\t<div class=\"elementor-container elementor-column-gap-default\">\n\t\t\t\t\t<div class=\"elementor-column elementor-col-25 elementor-top-column elementor-element elementor-element-b57a5ef\" data-id=\"b57a5ef\" data-element_type=\"column\">\n\t\t\t<div class=\"elementor-widget-wrap\">\n\t\t\t\t\t\t\t\t\t<\/div>\n\t\t<\/div>\n\t\t\t\t<div class=\"elementor-column elementor-col-25 elementor-top-column elementor-element elementor-element-f29c42f\" data-id=\"f29c42f\" data-element_type=\"column\">\n\t\t\t<div class=\"elementor-widget-wrap elementor-element-populated\">\n\t\t\t\t\t\t\t\t<div class=\"elementor-element elementor-element-d2e26f1 elementor-widget elementor-widget-heading\" data-id=\"d2e26f1\" data-element_type=\"widget\" data-widget_type=\"heading.default\">\n\t\t\t\t<div class=\"elementor-widget-container\">\n\t\t\t<h4 class=\"elementor-heading-title elementor-size-default\">Vad kommer att h\u00e4nda med min webbplatsinl\u00e4mning?<\/h4>\t\t<\/div>\n\t\t\t\t<\/div>\n\t\t\t\t<div class=\"elementor-element elementor-element-4c142ea elementor-widget elementor-widget-text-editor\" data-id=\"4c142ea\" data-element_type=\"widget\" data-widget_type=\"text-editor.default\">\n\t\t\t\t<div class=\"elementor-widget-container\">\n\t\t\t<style>\/*! elementor - v3.12.2 - 23-04-2023 *\/\n.elementor-widget-text-editor.elementor-drop-cap-view-stacked .elementor-drop-cap{background-color:#69727d;color:#fff}.elementor-widget-text-editor.elementor-drop-cap-view-framed .elementor-drop-cap{color:#69727d;border:3px solid;background-color:transparent}.elementor-widget-text-editor:not(.elementor-drop-cap-view-default) .elementor-drop-cap{margin-top:8px}.elementor-widget-text-editor:not(.elementor-drop-cap-view-default) .elementor-drop-cap-letter{width:1em;height:1em}.elementor-widget-text-editor .elementor-drop-cap{float:left;text-align:center;line-height:1;font-size:50px}.elementor-widget-text-editor .elementor-drop-cap-letter{display:inline-block}<\/style>\t\t\t\t<p>Att skicka in din webbplats till onlinekataloger \u00e4r en grundl\u00e4ggande aspekt av att \u00f6ka din webbplatss synlighet. N\u00e4r du skickar in din webbplats till v\u00e5rt n\u00e4tverk b\u00f6rjar vi processen att l\u00e4gga till den i v\u00e5r katalog.<\/p><p>Det \u00e4r dock viktigt att anv\u00e4nda en legitim e-postadress n\u00e4r du skickar in din webbplats f\u00f6r att undvika att bli rapporterad av din internetleverant\u00f6r. P\u00e5 v\u00e5rt n\u00e4tverk f\u00f6ljer vi b\u00e4sta praxis f\u00f6r att s\u00e4kerst\u00e4lla att din webbplats skickas in effektivt och effektivt.<\/p><p><b>Dricks: <\/b>Att skicka in din webbplats till kataloger \u00e4r bara en del av att f\u00f6rb\u00e4ttra din webbplatss synlighet. Du kan ocks\u00e5 anlita ett webboptimeringsf\u00f6retags tj\u00e4nster f\u00f6r att \u00f6ka din s\u00f6kmotorrankning, vilket kommer att resultera i mer trafik och h\u00f6gre konverteringsfrekvens.<\/p><p>Genom att kombinera katalogbidrag och tekniker f\u00f6r webbplatsoptimering kan du skapa en helt\u00e4ckande strategi f\u00f6r att f\u00e5 din webbplats att uppm\u00e4rksammas och n\u00e5 framg\u00e5ng online.<\/p>\t\t\t\t\t\t<\/div>\n\t\t\t\t<\/div>\n\t\t\t\t<div class=\"elementor-element elementor-element-f1d0949 elementor-widget elementor-widget-text-editor\" data-id=\"f1d0949\" data-element_type=\"widget\" data-widget_type=\"text-editor.default\">\n\t\t\t\t<div class=\"elementor-widget-container\">\n\t\t\t\t\t\t\t<p>Vi rekommenderar starkt <a href=\"https:\/\/www.entireweb.com\/speedylinks\/?utm_campaign=EW-SpeedyLinks&amp;utm_source=SS-Thankyou&amp;utm_medium=link\" target=\"_blank\" rel=\"noopener\">SpeedyLinks f\u00f6r hela webben<\/a> om du vill f\u00f6rb\u00e4ttra dina bak\u00e5tl\u00e4nkar och \u00f6ka din dom\u00e4nauktoritet.\u00a0<\/p>\t\t\t\t\t\t<\/div>\n\t\t\t\t<\/div>\n\t\t\t\t\t<\/div>\n\t\t<\/div>\n\t\t\t\t<div class=\"elementor-column elementor-col-25 elementor-top-column elementor-element elementor-element-20f14df\" data-id=\"20f14df\" data-element_type=\"column\">\n\t\t\t<div class=\"elementor-widget-wrap elementor-element-populated\">\n\t\t\t\t\t\t\t\t<div class=\"elementor-element elementor-element-aa62a23 elementor-widget elementor-widget-html\" data-id=\"aa62a23\" data-element_type=\"widget\" data-widget_type=\"html.default\">\n\t\t\t\t<div class=\"elementor-widget-container\">\n\t\t\t<script async src=\"https:\/\/pagead2.googlesyndication.com\/pagead\/js\/adsbygoogle.js?client=ca-pub-4468997645321759\"\n     crossorigin=\"anonymous\"><\/script>\n<!-- SubmitStart \/sent -->\n<ins class=\"adsbygoogle\"\n     style=\"display:block\"\n     data-ad-client=\"ca-pub-4468997645321759\"\n     data-ad-slot=\"9693568176\"\n     data-ad-format=\"auto\"\n     data-full-width-responsive=\"true\"><\/ins>\n<script>\n     (adsbygoogle = window.adsbygoogle || []).push({});\n<\/script>\t\t<\/div>\n\t\t\t\t<\/div>\n\t\t\t\t<div class=\"elementor-element elementor-element-7a7c10c elementor-widget elementor-widget-html\" data-id=\"7a7c10c\" data-element_type=\"widget\" data-widget_type=\"html.default\">\n\t\t\t\t<div class=\"elementor-widget-container\">\n\t\t\t<script async src=\"https:\/\/pagead2.googlesyndication.com\/pagead\/js\/adsbygoogle.js?client=ca-pub-4468997645321759\"\n     crossorigin=\"anonymous\"><\/script>\n<!-- SubmitStart \/sent -->\n<ins class=\"adsbygoogle\"\n     style=\"display:block\"\n     data-ad-client=\"ca-pub-4468997645321759\"\n     data-ad-slot=\"9693568176\"\n     data-ad-format=\"auto\"\n     data-full-width-responsive=\"true\"><\/ins>\n<script>\n     (adsbygoogle = window.adsbygoogle || []).push({});\n<\/script>\t\t<\/div>\n\t\t\t\t<\/div>\n\t\t\t\t\t<\/div>\n\t\t<\/div>\n\t\t\t\t<div class=\"elementor-column elementor-col-25 elementor-top-column elementor-element elementor-element-e41142e\" data-id=\"e41142e\" data-element_type=\"column\">\n\t\t\t<div class=\"elementor-widget-wrap\">\n\t\t\t\t\t\t\t\t\t<\/div>\n\t\t<\/div>\n\t\t\t\t\t\t\t<\/div>\n\t\t<\/section>\n\t\t\t\t<section class=\"elementor-section elementor-top-section elementor-element elementor-element-d86d640 elementor-section-boxed elementor-section-height-default elementor-section-height-default\" data-id=\"d86d640\" data-element_type=\"section\">\n\t\t\t\t\t\t<div class=\"elementor-container elementor-column-gap-default\">\n\t\t\t\t\t<div class=\"elementor-column elementor-col-100 elementor-top-column elementor-element elementor-element-32d8897\" data-id=\"32d8897\" data-element_type=\"column\">\n\t\t\t<div class=\"elementor-widget-wrap elementor-element-populated\">\n\t\t\t\t\t\t\t\t<div class=\"elementor-element elementor-element-808fb36 elementor-widget elementor-widget-html\" data-id=\"808fb36\" data-element_type=\"widget\" data-widget_type=\"html.default\">\n\t\t\t\t<div class=\"elementor-widget-container\">\n\t\t\t<script async src=\"https:\/\/pagead2.googlesyndication.com\/pagead\/js\/adsbygoogle.js?client=ca-pub-4468997645321759\"\n     crossorigin=\"anonymous\"><\/script>\n<!-- SubmitStart - ThankYou -->\n<ins class=\"adsbygoogle\"\n     style=\"display:block\"\n     data-ad-client=\"ca-pub-4468997645321759\"\n     data-ad-slot=\"4975071378\"\n     data-ad-format=\"auto\"\n     data-full-width-responsive=\"true\"><\/ins>\n<script>\n     (adsbygoogle = window.adsbygoogle || []).push({});\n<\/script>\t\t<\/div>\n\t\t\t\t<\/div>\n\t\t\t\t\t<\/div>\n\t\t<\/div>\n\t\t\t\t\t\t\t<\/div>\n\t\t<\/section>\n\t\t\t\t\t\t\t<\/div>","protected":false},"excerpt":{"rendered":"<p>Tack f\u00f6r ditt bidrag! Vad kommer att h\u00e4nda med min...<\/p>\n<p> <a class=\"more-link\" href=\"https:\/\/www.submitstart.com\/sv\/thank-you\/\">L\u00e4s mer<\/a><\/p>","protected":false},"author":1,"featured_media":0,"parent":0,"menu_order":0,"comment_status":"closed","ping_status":"closed","template":"elementor_header_footer","meta":[],"_links":{"self":[{"href":"https:\/\/www.submitstart.com\/sv\/wp-json\/wp\/v2\/pages\/153"}],"collection":[{"href":"https:\/\/www.submitstart.com\/sv\/wp-json\/wp\/v2\/pages"}],"about":[{"href":"https:\/\/www.submitstart.com\/sv\/wp-json\/wp\/v2\/types\/page"}],"author":[{"embeddable":true,"href":"https:\/\/www.submitstart.com\/sv\/wp-json\/wp\/v2\/users\/1"}],"replies":[{"embeddable":true,"href":"https:\/\/www.submitstart.com\/sv\/wp-json\/wp\/v2\/comments?post=153"}],"version-history":[{"count":15,"href":"https:\/\/www.submitstart.com\/sv\/wp-json\/wp\/v2\/pages\/153\/revisions"}],"predecessor-version":[{"id":89821,"href":"https:\/\/www.submitstart.com\/sv\/wp-json\/wp\/v2\/pages\/153\/revisions\/89821"}],"wp:attachment":[{"href":"https:\/\/www.submitstart.com\/sv\/wp-json\/wp\/v2\/media?parent=153"}],"curies":[{"name":"wp","href":"https:\/\/api.w.org\/{rel}","templated":true}]}}